{"id":17,"date":"2022-08-24T23:33:06","date_gmt":"2022-08-24T23:33:06","guid":{"rendered":"http:\/\/cilodeeditores.com\/?page_id=17"},"modified":"2022-11-23T01:52:23","modified_gmt":"2022-11-23T01:52:23","slug":"elementor-17","status":"publish","type":"page","link":"https:\/\/cilodeeditores.com\/index.php\/elementor-17\/","title":{"rendered":"QUIENES SOMOS"},"content":{"rendered":"\t\t<div data-elementor-type=\"wp-page\" data-elementor-id=\"17\" class=\"elementor elementor-17\">\n\t\t\t\t\t\t<section class=\"elementor-section elementor-top-section elementor-element elementor-element-12a1183c elementor-section-full_width elementor-section-height-default elementor-section-height-default\" data-id=\"12a1183c\" data-element_type=\"section\">\n\t\t\t\t\t\t<div class=\"elementor-container elementor-column-gap-default\">\n\t\t\t\t\t<div class=\"elementor-column elementor-col-100 elementor-top-column elementor-element elementor-element-1ca4bd1e\" data-id=\"1ca4bd1e\" data-element_type=\"column\">\n\t\t\t<div class=\"elementor-widget-wrap elementor-element-populated\">\n\t\t\t\t\t\t<section class=\"elementor-section elementor-inner-section elementor-element elementor-element-5b69c411 elementor-section-boxed elementor-section-height-default elementor-section-height-default\" data-id=\"5b69c411\" data-element_type=\"section\">\n\t\t\t\t\t\t<div class=\"elementor-container elementor-column-gap-default\">\n\t\t\t\t\t<div class=\"elementor-column elementor-col-33 elementor-inner-column elementor-element elementor-element-1168be6a\" data-id=\"1168be6a\" data-element_type=\"column\">\n\t\t\t<div class=\"elementor-widget-wrap\">\n\t\t\t\t\t\t\t<\/div>\n\t\t<\/div>\n\t\t\t\t<div class=\"elementor-column elementor-col-33 elementor-inner-column elementor-element elementor-element-3f60c2fc\" data-id=\"3f60c2fc\" data-element_type=\"column\">\n\t\t\t<div class=\"elementor-widget-wrap elementor-element-populated\">\n\t\t\t\t\t\t<div class=\"elementor-element elementor-element-69a1c415 elementor-widget elementor-widget-image\" data-id=\"69a1c415\" data-element_type=\"widget\" data-widget_type=\"image.default\">\n\t\t\t\t<div class=\"elementor-widget-container\">\n\t\t\t<style>\/*! elementor - v3.21.0 - 08-05-2024 *\/\n.elementor-widget-image{text-align:center}.elementor-widget-image a{display:inline-block}.elementor-widget-image a img[src$=\".svg\"]{width:48px}.elementor-widget-image img{vertical-align:middle;display:inline-block}<\/style>\t\t\t\t\t\t\t\t\t\t\t<a href=\"http:\/\/cilodeeditores.com\/\">\n\t\t\t\t\t\t\t<img fetchpriority=\"high\" decoding=\"async\" width=\"300\" height=\"300\" src=\"https:\/\/cilodeeditores.com\/wp-content\/uploads\/2022\/10\/cilode-logo-300x300.png\" class=\"attachment-medium size-medium wp-image-422\" alt=\"\" srcset=\"https:\/\/cilodeeditores.com\/wp-content\/uploads\/2022\/10\/cilode-logo-300x300.png 300w, https:\/\/cilodeeditores.com\/wp-content\/uploads\/2022\/10\/cilode-logo-150x150.png 150w, https:\/\/cilodeeditores.com\/wp-content\/uploads\/2022\/10\/elementor\/thumbs\/cilode-logo-pw1b8qqjyxas6xf2pz9g4vlq2521ghoptav9fkh9e8.png 200w, https:\/\/cilodeeditores.com\/wp-content\/uploads\/2022\/10\/cilode-logo.png 350w\" sizes=\"(max-width: 300px) 100vw, 300px\" \/>\t\t\t\t\t\t\t\t<\/a>\n\t\t\t\t\t\t\t\t\t\t\t\t\t<\/div>\n\t\t\t\t<\/div>\n\t\t\t\t\t<\/div>\n\t\t<\/div>\n\t\t\t\t<div class=\"elementor-column elementor-col-33 elementor-inner-column elementor-element elementor-element-141d9701\" data-id=\"141d9701\" data-element_type=\"column\">\n\t\t\t<div class=\"elementor-widget-wrap\">\n\t\t\t\t\t\t\t<\/div>\n\t\t<\/div>\n\t\t\t\t\t<\/div>\n\t\t<\/section>\n\t\t\t\t\t<\/div>\n\t\t<\/div>\n\t\t\t\t\t<\/div>\n\t\t<\/section>\n\t\t\t\t<section class=\"elementor-section elementor-top-section elementor-element elementor-element-882111d elementor-section-boxed elementor-section-height-default elementor-section-height-default\" data-id=\"882111d\" data-element_type=\"section\">\n\t\t\t\t\t\t<div class=\"elementor-container elementor-column-gap-default\">\n\t\t\t\t\t<div class=\"elementor-column elementor-col-100 elementor-top-column elementor-element elementor-element-ebcc29f\" data-id=\"ebcc29f\" data-element_type=\"column\">\n\t\t\t<div class=\"elementor-widget-wrap elementor-element-populated\">\n\t\t\t\t\t\t<div class=\"elementor-element elementor-element-8cbb7a1 elementor-widget elementor-widget-image\" data-id=\"8cbb7a1\" data-element_type=\"widget\" data-widget_type=\"image.default\">\n\t\t\t\t<div class=\"elementor-widget-container\">\n\t\t\t\t\t\t\t\t\t\t\t\t\t<img decoding=\"async\" width=\"240\" height=\"48\" src=\"https:\/\/cilodeeditores.com\/wp-content\/uploads\/2022\/10\/quienOKA.png\" class=\"attachment-full size-full wp-image-703\" alt=\"\" \/>\t\t\t\t\t\t\t\t\t\t\t\t\t<\/div>\n\t\t\t\t<\/div>\n\t\t\t\t<div class=\"elementor-element elementor-element-608e3a1 elementor-widget elementor-widget-text-editor\" data-id=\"608e3a1\" data-element_type=\"widget\" data-widget_type=\"text-editor.default\">\n\t\t\t\t<div class=\"elementor-widget-container\">\n\t\t\t<style>\/*! elementor - v3.21.0 - 08-05-2024 *\/\n.elementor-widget-text-editor.elementor-drop-cap-view-stacked .elementor-drop-cap{background-color:#69727d;color:#fff}.elementor-widget-text-editor.elementor-drop-cap-view-framed .elementor-drop-cap{color:#69727d;border:3px solid;background-color:transparent}.elementor-widget-text-editor:not(.elementor-drop-cap-view-default) .elementor-drop-cap{margin-top:8px}.elementor-widget-text-editor:not(.elementor-drop-cap-view-default) .elementor-drop-cap-letter{width:1em;height:1em}.elementor-widget-text-editor .elementor-drop-cap{float:left;text-align:center;line-height:1;font-size:50px}.elementor-widget-text-editor .elementor-drop-cap-letter{display:inline-block}<\/style>\t\t\t\t<p>Somos una editorial mexicana comprometida con el arte, los artistas y quienes disfrutan de la literatura fant\u00e1stica, las im\u00e1genes que nos llevan a otros mundos y la calidad. Creemos que cada libro crea una experiencia \u00fanica en los lectores y en los amantes de las artes visuales, por ello decidimos dar nuestro talento y nuestros esfuerzos para guiarlos a trav\u00e9s de ese camino de sensaciones e ideas que exaltan la mente y trascienden los sentidos.<\/p>\t\t\t\t\t\t<\/div>\n\t\t\t\t<\/div>\n\t\t\t\t\t<\/div>\n\t\t<\/div>\n\t\t\t\t\t<\/div>\n\t\t<\/section>\n\t\t\t\t<section class=\"elementor-section elementor-top-section elementor-element elementor-element-8844fe0 elementor-section-boxed elementor-section-height-default elementor-section-height-default\" data-id=\"8844fe0\" data-element_type=\"section\">\n\t\t\t\t\t\t<div class=\"elementor-container elementor-column-gap-default\">\n\t\t\t\t\t<div class=\"elementor-column elementor-col-100 elementor-top-column elementor-element elementor-element-71ab002\" data-id=\"71ab002\" data-element_type=\"column\">\n\t\t\t<div class=\"elementor-widget-wrap elementor-element-populated\">\n\t\t\t\t\t\t<div class=\"elementor-element elementor-element-1e4108d elementor-widget elementor-widget-image\" data-id=\"1e4108d\" data-element_type=\"widget\" data-widget_type=\"image.default\">\n\t\t\t\t<div class=\"elementor-widget-container\">\n\t\t\t\t\t\t\t\t\t\t\t\t\t<img decoding=\"async\" width=\"240\" height=\"48\" src=\"https:\/\/cilodeeditores.com\/wp-content\/uploads\/2022\/10\/misionOKA.png\" class=\"attachment-full size-full wp-image-702\" alt=\"\" \/>\t\t\t\t\t\t\t\t\t\t\t\t\t<\/div>\n\t\t\t\t<\/div>\n\t\t\t\t<div class=\"elementor-element elementor-element-81f9def elementor-widget elementor-widget-text-editor\" data-id=\"81f9def\" data-element_type=\"widget\" data-widget_type=\"text-editor.default\">\n\t\t\t\t<div class=\"elementor-widget-container\">\n\t\t\t\t\t\t\t<p><span style=\"font-style: inherit; font-weight: inherit; color: var( --e-global-color-text ); background-color: var(--ast-global-color-5);\">Ser el enlace entre el arte, los artistas y quienes buscan identificarse con sus historias. Mediante la integraci\u00f3n de nuestros esfuerzos de edici\u00f3n, dise\u00f1o y gesti\u00f3n, junto a los artistas crearemos obras de alta calidad, vanguardistas e innovadoras; inspiraremos y promoveremos el desarrollo humano a trav\u00e9s del arte y pondremos a disposici\u00f3n nuestro trabajo para que otros contin\u00faen con su propio proceso creativo y el p\u00fablico reciba una experiencia \u00fanica en cada libro.<\/span><span style=\"font-weight: 400;\">\u00a0<\/span><\/p>\t\t\t\t\t\t<\/div>\n\t\t\t\t<\/div>\n\t\t\t\t\t<\/div>\n\t\t<\/div>\n\t\t\t\t\t<\/div>\n\t\t<\/section>\n\t\t\t\t<section class=\"elementor-section elementor-top-section elementor-element elementor-element-797687a elementor-section-boxed elementor-section-height-default elementor-section-height-default\" data-id=\"797687a\" data-element_type=\"section\">\n\t\t\t\t\t\t<div class=\"elementor-container elementor-column-gap-default\">\n\t\t\t\t\t<div class=\"elementor-column elementor-col-100 elementor-top-column elementor-element elementor-element-fe9ad15\" data-id=\"fe9ad15\" data-element_type=\"column\">\n\t\t\t<div class=\"elementor-widget-wrap elementor-element-populated\">\n\t\t\t\t\t\t<div class=\"elementor-element elementor-element-676a785 elementor-widget elementor-widget-image\" data-id=\"676a785\" data-element_type=\"widget\" data-widget_type=\"image.default\">\n\t\t\t\t<div class=\"elementor-widget-container\">\n\t\t\t\t\t\t\t\t\t\t\t\t\t<img loading=\"lazy\" decoding=\"async\" width=\"240\" height=\"48\" src=\"https:\/\/cilodeeditores.com\/wp-content\/uploads\/2022\/10\/VISIONOKA.png\" class=\"attachment-full size-full wp-image-707\" alt=\"\" \/>\t\t\t\t\t\t\t\t\t\t\t\t\t<\/div>\n\t\t\t\t<\/div>\n\t\t\t\t<div class=\"elementor-element elementor-element-184a313 elementor-widget elementor-widget-text-editor\" data-id=\"184a313\" data-element_type=\"widget\" data-widget_type=\"text-editor.default\">\n\t\t\t\t<div class=\"elementor-widget-container\">\n\t\t\t\t\t\t\t<p>Seremos reconocidos por crear v\u00ednculos entre los artistas, su trabajo y el p\u00fablico, seremos la mejor editorial de Guadalajara a trav\u00e9s de la experiencia del arte porque creemos que la voz de los artistas, que se expresa en sus obras, forma parte de nuestras vidas y enriquece al mundo. As\u00ed, nuestro compromiso ser\u00e1 siempre ofrecer calidad de talla mundial en cada uno de nuestros libros, exaltar el esp\u00edritu quienes han dejado el coraz\u00f3n en ellos y brindar al p\u00fablico experiencias \u00fanicas con cada pieza de arte.<\/p>\t\t\t\t\t\t<\/div>\n\t\t\t\t<\/div>\n\t\t\t\t\t<\/div>\n\t\t<\/div>\n\t\t\t\t\t<\/div>\n\t\t<\/section>\n\t\t\t\t<section class=\"elementor-section elementor-top-section elementor-element elementor-element-5a13b17 elementor-section-boxed elementor-section-height-default elementor-section-height-default\" data-id=\"5a13b17\" data-element_type=\"section\">\n\t\t\t\t\t\t<div class=\"elementor-container elementor-column-gap-default\">\n\t\t\t\t\t<div class=\"elementor-column elementor-col-33 elementor-top-column elementor-element elementor-element-4558ce0\" data-id=\"4558ce0\" data-element_type=\"column\">\n\t\t\t<div class=\"elementor-widget-wrap\">\n\t\t\t\t\t\t\t<\/div>\n\t\t<\/div>\n\t\t\t\t<div class=\"elementor-column elementor-col-33 elementor-top-column elementor-element elementor-element-7307d4d\" data-id=\"7307d4d\" data-element_type=\"column\">\n\t\t\t<div class=\"elementor-widget-wrap elementor-element-populated\">\n\t\t\t\t\t\t<div class=\"elementor-element elementor-element-597414b elementor-widget elementor-widget-image\" data-id=\"597414b\" data-element_type=\"widget\" data-widget_type=\"image.default\">\n\t\t\t\t<div class=\"elementor-widget-container\">\n\t\t\t\t\t\t\t\t\t\t\t\t\t<img loading=\"lazy\" decoding=\"async\" width=\"240\" height=\"48\" src=\"https:\/\/cilodeeditores.com\/wp-content\/uploads\/2022\/10\/valores-OKA.png\" class=\"attachment-full size-full wp-image-706\" alt=\"\" \/>\t\t\t\t\t\t\t\t\t\t\t\t\t<\/div>\n\t\t\t\t<\/div>\n\t\t\t\t<div class=\"elementor-element elementor-element-1858a2c elementor-widget elementor-widget-text-editor\" data-id=\"1858a2c\" data-element_type=\"widget\" data-widget_type=\"text-editor.default\">\n\t\t\t\t<div class=\"elementor-widget-container\">\n\t\t\t\t\t\t\t<p dir=\"ltr\" style=\"line-height: 1.295; margin-top: 0pt; margin-bottom: 0pt; text-align: center;\" role=\"presentation\"><span style=\"font-size: 11pt; background-color: transparent; font-variant-numeric: normal; font-variant-east-asian: normal; vertical-align: baseline; white-space: pre-wrap;\">Crear calidad<\/span><\/p><p dir=\"ltr\" style=\"line-height: 1.295; margin-top: 0pt; margin-bottom: 0pt; text-align: center;\" role=\"presentation\"><span style=\"font-size: 11pt; background-color: transparent; font-variant-numeric: normal; font-variant-east-asian: normal; vertical-align: baseline; white-space: pre-wrap;\">Crear vanguardia<\/span><\/p><p dir=\"ltr\" style=\"line-height: 1.295; margin-top: 0pt; margin-bottom: 0pt; text-align: center;\" role=\"presentation\"><span style=\"font-size: 11pt; background-color: transparent; font-variant-numeric: normal; font-variant-east-asian: normal; vertical-align: baseline; white-space: pre-wrap;\">Crear con pasi\u00f3n<\/span><\/p><p dir=\"ltr\" style=\"line-height: 1.295; margin-top: 0pt; margin-bottom: 0pt; text-align: center;\" role=\"presentation\"><span style=\"font-size: 11pt; background-color: transparent; font-variant-numeric: normal; font-variant-east-asian: normal; vertical-align: baseline; white-space: pre-wrap;\">Crear con integraci\u00f3n<\/span><\/p>\t\t\t\t\t\t<\/div>\n\t\t\t\t<\/div>\n\t\t\t\t\t<\/div>\n\t\t<\/div>\n\t\t\t\t<div class=\"elementor-column elementor-col-33 elementor-top-column elementor-element elementor-element-86de496\" data-id=\"86de496\" data-element_type=\"column\">\n\t\t\t<div class=\"elementor-widget-wrap\">\n\t\t\t\t\t\t\t<\/div>\n\t\t<\/div>\n\t\t\t\t\t<\/div>\n\t\t<\/section>\n\t\t\t\t<section class=\"elementor-section elementor-top-section elementor-element elementor-element-8b44e9f elementor-section-boxed elementor-section-height-default elementor-section-height-default\" data-id=\"8b44e9f\" data-element_type=\"section\">\n\t\t\t\t\t\t<div class=\"elementor-container elementor-column-gap-default\">\n\t\t\t\t\t<div class=\"elementor-column elementor-col-100 elementor-top-column elementor-element elementor-element-b38a1fa\" data-id=\"b38a1fa\" data-element_type=\"column\">\n\t\t\t<div class=\"elementor-widget-wrap elementor-element-populated\">\n\t\t\t\t\t\t<div class=\"elementor-element elementor-element-a99d2d5 elementor-widget elementor-widget-spacer\" data-id=\"a99d2d5\" data-element_type=\"widget\" data-widget_type=\"spacer.default\">\n\t\t\t\t<div class=\"elementor-widget-container\">\n\t\t\t<style>\/*! elementor - v3.21.0 - 08-05-2024 *\/\n.elementor-column .elementor-spacer-inner{height:var(--spacer-size)}.e-con{--container-widget-width:100%}.e-con-inner>.elementor-widget-spacer,.e-con>.elementor-widget-spacer{width:var(--container-widget-width,var(--spacer-size));--align-self:var(--container-widget-align-self,initial);--flex-shrink:0}.e-con-inner>.elementor-widget-spacer>.elementor-widget-container,.e-con>.elementor-widget-spacer>.elementor-widget-container{height:100%;width:100%}.e-con-inner>.elementor-widget-spacer>.elementor-widget-container>.elementor-spacer,.e-con>.elementor-widget-spacer>.elementor-widget-container>.elementor-spacer{height:100%}.e-con-inner>.elementor-widget-spacer>.elementor-widget-container>.elementor-spacer>.elementor-spacer-inner,.e-con>.elementor-widget-spacer>.elementor-widget-container>.elementor-spacer>.elementor-spacer-inner{height:var(--container-widget-height,var(--spacer-size))}.e-con-inner>.elementor-widget-spacer.elementor-widget-empty,.e-con>.elementor-widget-spacer.elementor-widget-empty{position:relative;min-height:22px;min-width:22px}.e-con-inner>.elementor-widget-spacer.elementor-widget-empty .elementor-widget-empty-icon,.e-con>.elementor-widget-spacer.elementor-widget-empty .elementor-widget-empty-icon{position:absolute;top:0;bottom:0;left:0;right:0;margin:auto;padding:0;width:22px;height:22px}<\/style>\t\t<div class=\"elementor-spacer\">\n\t\t\t<div class=\"elementor-spacer-inner\"><\/div>\n\t\t<\/div>\n\t\t\t\t<\/div>\n\t\t\t\t<\/div>\n\t\t\t\t\t<\/div>\n\t\t<\/div>\n\t\t\t\t\t<\/div>\n\t\t<\/section>\n\t\t\t\t<\/div>\n\t\t","protected":false},"excerpt":{"rendered":"<p>Somos una editorial mexicana comprometida con el arte, los artistas y quienes disfrutan de la literatura fant\u00e1stica, las im\u00e1genes que nos llevan a otros mundos y la calidad. Creemos que cada libro crea una experiencia \u00fanica en los lectores y en los amantes de las artes visuales, por ello decidimos dar nuestro talento y nuestros &hellip;<\/p>\n<p class=\"read-more\"> <a class=\"\" href=\"https:\/\/cilodeeditores.com\/index.php\/elementor-17\/\"> <span class=\"screen-reader-text\">QUIENES SOMOS<\/span> Leer m\u00e1s &raquo;<\/a><\/p>\n","protected":false},"author":2,"featured_media":0,"parent":0,"menu_order":0,"comment_status":"closed","ping_status":"closed","template":"","meta":{"om_disable_all_campaigns":false,"_monsterinsights_skip_tracking":false,"_monsterinsights_sitenote_active":false,"_monsterinsights_sitenote_note":"","_monsterinsights_sitenote_category":0,"site-sidebar-layout":"no-sidebar","site-content-layout":"page-builder","ast-main-header-display":"","ast-hfb-above-header-display":"","ast-hfb-below-header-display":"","ast-hfb-mobile-header-display":"","site-post-title":"disabled","ast-breadcrumbs-content":"","ast-featured-img":"disabled","footer-sml-layout":"","theme-transparent-header-meta":"","adv-header-id-meta":"","stick-header-meta":"","header-above-stick-meta":"","header-main-stick-meta":"","header-below-stick-meta":"","footnotes":""},"_links":{"self":[{"href":"https:\/\/cilodeeditores.com\/index.php\/wp-json\/wp\/v2\/pages\/17"}],"collection":[{"href":"https:\/\/cilodeeditores.com\/index.php\/wp-json\/wp\/v2\/pages"}],"about":[{"href":"https:\/\/cilodeeditores.com\/index.php\/wp-json\/wp\/v2\/types\/page"}],"author":[{"embeddable":true,"href":"https:\/\/cilodeeditores.com\/index.php\/wp-json\/wp\/v2\/users\/2"}],"replies":[{"embeddable":true,"href":"https:\/\/cilodeeditores.com\/index.php\/wp-json\/wp\/v2\/comments?post=17"}],"version-history":[{"count":32,"href":"https:\/\/cilodeeditores.com\/index.php\/wp-json\/wp\/v2\/pages\/17\/revisions"}],"predecessor-version":[{"id":799,"href":"https:\/\/cilodeeditores.com\/index.php\/wp-json\/wp\/v2\/pages\/17\/revisions\/799"}],"wp:attachment":[{"href":"https:\/\/cilodeeditores.com\/index.php\/wp-json\/wp\/v2\/media?parent=17"}],"curies":[{"name":"wp","href":"https:\/\/api.w.org\/{rel}","templated":true}]}}